{"id":193,"date":"2015-10-16T10:06:54","date_gmt":"2015-10-16T15:06:54","guid":{"rendered":"http:\/\/www.hpracing83.com\/?page_id=193"},"modified":"2019-03-11T09:46:19","modified_gmt":"2019-03-11T14:46:19","slug":"home","status":"publish","type":"page","link":"https:\/\/www.hpracing83.com\/","title":{"rendered":"Acceuil"},"content":{"rendered":"<p>Bienvenue sur le site de l&rsquo;\u00e9quipe HP Racing &rsquo;83!<\/p>\n<p>L&rsquo;\u00e9quipe d&rsquo;HP Racing 83&prime; sera au FestiDrag de Mont-Joli du 5 au 7 Juillet! Suivez l&rsquo;\u00e9v\u00e9nement sur <a href=\"http:\/\/www.festidrag.com\">festidrag.com<\/a><\/p>\n<p><img loading=\"lazy\" decoding=\"async\" class=\"alignleft size-full wp-image-311\" src=\"http:\/\/www.hpracing83.com\/wp-content\/uploads\/2019\/03\/FB_IMG_1552060141647.jpg\" alt=\"\" width=\"540\" height=\"960\" srcset=\"https:\/\/www.hpracing83.com\/wp-content\/uploads\/2019\/03\/FB_IMG_1552060141647.jpg 540w, https:\/\/www.hpracing83.com\/wp-content\/uploads\/2019\/03\/FB_IMG_1552060141647-169x300.jpg 169w\" sizes=\"auto, (max-width: 540px) 100vw, 540px\" \/><\/p>\n<p>&nbsp;<\/p>\n<p>&nbsp;<\/p>\n<p>&nbsp;<\/p>\n<p>&nbsp;<\/p>\n<p>&nbsp;<\/p>\n<p>&nbsp;<\/p>\n<p>&nbsp;<\/p>\n<p>&nbsp;<\/p>\n<p>&nbsp;<\/p>\n<p>&nbsp;<\/p>\n<p>&nbsp;<\/p>\n<p>&nbsp;<\/p>\n<p>&nbsp;<\/p>\n<p>&nbsp;<\/p>\n<p>&nbsp;<\/p>\n<p>&nbsp;<\/p>\n<p>&nbsp;<\/p>\n<p>&nbsp;<\/p>\n<p>&nbsp;<\/p>\n<p>&nbsp;<\/p>\n<p>&nbsp;<\/p>\n<p>&nbsp;<\/p>\n<p>&nbsp;<\/p>\n<p>&nbsp;<\/p>\n<p>&nbsp;<\/p>\n<p>&nbsp;<\/p>\n<p>&nbsp;<\/p>\n<p>&nbsp;<\/p>\n<p>Venez faire un don pour la fondation Qu\u00e9b\u00e9coise du Cancer<br \/>\n<a href=\"https:\/\/www.jedonneenligne.org\/fondationquebecoiseducancer\/campagne\/gdamafacon\/defi\/Challenge\/view\/5be88ceb-9e5b-4129-af95-27e54d4b94bf\"><br \/>\n<img loading=\"lazy\" decoding=\"async\" class=\"alignnone size-medium wp-image-276\" src=\"http:\/\/www.hpracing83.com\/wp-content\/uploads\/2018\/04\/fondcancer2018.png\" width=\"1140\" height=\"258\" \/><\/a><\/p>\n<p>Nouvelle vid\u00e9o!!<\/p>\n<p><iframe loading=\"lazy\" src=\"https:\/\/www.youtube.com\/embed\/5xOb4s9yHyw\" width=\"560\" height=\"315\" frameborder=\"0\" allowfullscreen=\"allowfullscreen\"><\/iframe><\/p>\n<p>&nbsp;<\/p>\n<h2><strong>Ne manquez pas le FestiDrag 2017 \u00e0 Mont-Joli. Voir la pages <a href=\"http:\/\/www.hpracing83.com\/?page_id=25\">nouvelles<\/a> pour le liens!<\/strong><\/h2>\n<p>Visitez nos commanditaires\/partenaires ci-dessous :<\/p>\n<p><a href=\"http:\/\/www.eastcoastcarz.com\/\" rel=\"attachment wp-att-269\"><img loading=\"lazy\" decoding=\"async\" class=\"alignnone wp-image-269 size-full\" src=\"http:\/\/www.hpracing83.com\/wp-content\/uploads\/2017\/03\/ecc_logo-2015_04_white-letter_small.png\" alt=\"ecc_logo-2015_04_white-letter_small\" width=\"260\" height=\"83\" \/><\/a><\/p>\n<p><a href=\"http:\/\/www.garagegrenier.com\" target=\"_blank\" rel=\"noopener\">Garage Grenier &#8211; M\u00e9canique G\u00e9n\u00e9ral<\/a><\/p>\n<p>Vous trouverez ici des photos, vid\u00e9os et \u00e9venements concernant l&rsquo;\u00e9quipe de course HP Racing &rsquo;83.<\/p>\n<p>Bon show de boucane de 2016!!<\/p>\n<p><img loading=\"lazy\" decoding=\"async\" class=\"alignnone size-medium wp-image-276\" src=\"http:\/\/www.hpracing83.com\/wp-content\/uploads\/2017\/06\/19055510_1404207319660044_3247700965609867476_o-300x200.jpg\" alt=\"19055510_1404207319660044_3247700965609867476_o\" width=\"300\" height=\"200\" srcset=\"https:\/\/www.hpracing83.com\/wp-content\/uploads\/2017\/06\/19055510_1404207319660044_3247700965609867476_o-300x200.jpg 300w, https:\/\/www.hpracing83.com\/wp-content\/uploads\/2017\/06\/19055510_1404207319660044_3247700965609867476_o-768x513.jpg 768w, https:\/\/www.hpracing83.com\/wp-content\/uploads\/2017\/06\/19055510_1404207319660044_3247700965609867476_o-1024x684.jpg 1024w, https:\/\/www.hpracing83.com\/wp-content\/uploads\/2017\/06\/19055510_1404207319660044_3247700965609867476_o.jpg 1087w\" sizes=\"auto, (max-width: 300px) 100vw, 300px\" \/><\/p>\n<p>Merci \u00e0 tout le monde d&rsquo;\u00eatre venu nous encourager au Festival Juste Pour Rire 2016!<br \/>\n<img loading=\"lazy\" decoding=\"async\" class=\"aligncenter size-full wp-image-228\" src=\"http:\/\/www.hpracing83.com\/wp-content\/uploads\/2016\/07\/20160724_101323-1.jpg\" alt=\"PERREAULT-RENE\" width=\"640\" height=\"464\" \/><\/p>\n<p>Club Drag Race Qu\u00e9bec!<br \/>\n<a href=\"http:\/\/www.dragracequebec.com\/clubvip\/\"><br \/>\n<img loading=\"lazy\" decoding=\"async\" class=\"aligncenter size-full wp-image-228\" src=\"http:\/\/www.hpracing83.com\/wp-content\/uploads\/2015\/10\/PERREAULT-RENE.jpg\" alt=\"PERREAULT-RENE\" width=\"640\" height=\"464\" srcset=\"https:\/\/www.hpracing83.com\/wp-content\/uploads\/2015\/10\/PERREAULT-RENE.jpg 640w, https:\/\/www.hpracing83.com\/wp-content\/uploads\/2015\/10\/PERREAULT-RENE-300x218.jpg 300w\" sizes=\"auto, (max-width: 640px) 100vw, 640px\" \/><\/a><\/p>\n","protected":false},"excerpt":{"rendered":"<p>Bienvenue sur le site de l&rsquo;\u00e9quipe HP Racing &rsquo;83! L&rsquo;\u00e9quipe d&rsquo;HP Racing 83&prime; sera au FestiDrag de Mont-Joli du 5 au 7 Juillet! Suivez l&rsquo;\u00e9v\u00e9nement sur festidrag.com &nbsp; &nbsp; &nbsp; &nbsp; &nbsp; &nbsp; &nbsp; &nbsp; &nbsp; &nbsp; &nbsp; &nbsp; &nbsp; &nbsp; &nbsp; &nbsp; &nbsp; &nbsp; &nbsp; &nbsp; &nbsp; &nbsp; &nbsp; &nbsp; &nbsp; &nbsp; &nbsp; &nbsp;&#8230; <\/p>\n<div class=\"read-more navbutton\"><a href=\"https:\/\/www.hpracing83.com\/\">Lire la suite<i class=\"fa fa-angle-double-right\"><\/i><\/a><\/div>\n","protected":false},"author":1,"featured_media":0,"parent":0,"menu_order":0,"comment_status":"closed","ping_status":"closed","template":"","meta":{"footnotes":""},"class_list":["post-193","page","type-page","status-publish","hentry"],"_links":{"self":[{"href":"https:\/\/www.hpracing83.com\/index.php?rest_route=\/wp\/v2\/pages\/193","targetHints":{"allow":["GET"]}}],"collection":[{"href":"https:\/\/www.hpracing83.com\/index.php?rest_route=\/wp\/v2\/pages"}],"about":[{"href":"https:\/\/www.hpracing83.com\/index.php?rest_route=\/wp\/v2\/types\/page"}],"author":[{"embeddable":true,"href":"https:\/\/www.hpracing83.com\/index.php?rest_route=\/wp\/v2\/users\/1"}],"replies":[{"embeddable":true,"href":"https:\/\/www.hpracing83.com\/index.php?rest_route=%2Fwp%2Fv2%2Fcomments&post=193"}],"version-history":[{"count":46,"href":"https:\/\/www.hpracing83.com\/index.php?rest_route=\/wp\/v2\/pages\/193\/revisions"}],"predecessor-version":[{"id":312,"href":"https:\/\/www.hpracing83.com\/index.php?rest_route=\/wp\/v2\/pages\/193\/revisions\/312"}],"wp:attachment":[{"href":"https:\/\/www.hpracing83.com\/index.php?rest_route=%2Fwp%2Fv2%2Fmedia&parent=193"}],"curies":[{"name":"wp","href":"https:\/\/api.w.org\/{rel}","templated":true}]}}