{"id":21,"date":"2013-11-07T15:08:04","date_gmt":"2013-11-07T20:08:04","guid":{"rendered":"http:\/\/www.hpracing83.com\/?page_id=21"},"modified":"2015-01-21T12:34:57","modified_gmt":"2015-01-21T17:34:57","slug":"photos","status":"publish","type":"page","link":"https:\/\/www.hpracing83.com\/?page_id=21","title":{"rendered":"Photos"},"content":{"rendered":"<p>Premier Wheelie captur\u00e9 en photo:<\/p>\n<p><img loading=\"lazy\" decoding=\"async\" src=\"http:\/\/www.hpracing83.com\/wp-content\/uploads\/2015\/01\/00096_Capture_1-1-300x264.jpg\" alt=\"00096_Capture_1-1\" width=\"300\" height=\"264\" class=\"alignleft size-medium wp-image-167\" srcset=\"https:\/\/www.hpracing83.com\/wp-content\/uploads\/2015\/01\/00096_Capture_1-1-300x264.jpg 300w, https:\/\/www.hpracing83.com\/wp-content\/uploads\/2015\/01\/00096_Capture_1-1.jpg 434w\" sizes=\"auto, (max-width: 300px) 100vw, 300px\" \/><\/p>\n<p>&nbsp;<\/p>\n<p>&nbsp;<\/p>\n<p>&nbsp;<\/p>\n<p>&nbsp;<\/p>\n<p>&nbsp;<\/p>\n<p>&nbsp;<\/p>\n<p>&nbsp;<\/p>\n<p>&nbsp;<\/p>\n<p>&nbsp;<br \/>\nHood 5&Prime; Cowl Induction:<\/p>\n<p><img loading=\"lazy\" decoding=\"async\" src=\"http:\/\/www.hpracing83.com\/wp-content\/uploads\/2015\/01\/20150114_163827-e1421861602487-300x225.jpg\" alt=\"20150114_163827\" width=\"300\" height=\"225\" class=\"alignleft size-medium wp-image-169\" srcset=\"https:\/\/www.hpracing83.com\/wp-content\/uploads\/2015\/01\/20150114_163827-e1421861602487-300x225.jpg 300w, https:\/\/www.hpracing83.com\/wp-content\/uploads\/2015\/01\/20150114_163827-e1421861602487-1024x768.jpg 1024w\" sizes=\"auto, (max-width: 300px) 100vw, 300px\" \/><\/p>\n<p>&nbsp;<\/p>\n<p>&nbsp;<\/p>\n<p>&nbsp;<\/p>\n<p>&nbsp;<\/p>\n<p>&nbsp;<\/p>\n<p>&nbsp;<\/p>\n<p>&nbsp;<br \/>\nSteering Wheel avec bouton Trans-Brake:<\/p>\n<p><img loading=\"lazy\" decoding=\"async\" src=\"http:\/\/www.hpracing83.com\/wp-content\/uploads\/2015\/01\/20150111_165516-e1421861342902-300x225.jpg\" alt=\"20150111_165516\" width=\"300\" height=\"225\" class=\"alignleft size-medium wp-image-168\" srcset=\"https:\/\/www.hpracing83.com\/wp-content\/uploads\/2015\/01\/20150111_165516-e1421861342902-300x225.jpg 300w, https:\/\/www.hpracing83.com\/wp-content\/uploads\/2015\/01\/20150111_165516-e1421861342902-1024x768.jpg 1024w\" sizes=\"auto, (max-width: 300px) 100vw, 300px\" \/><\/p>\n<p>&nbsp;<\/p>\n<p>&nbsp;<\/p>\n<p>&nbsp;<\/p>\n<p>&nbsp;<\/p>\n<p>&nbsp;<\/p>\n<p>&nbsp;<\/p>\n<p>&nbsp;<\/p>\n<p>Remise de cheque pour la Scl\u00e9rose en Plaques \u00e0 l&rsquo;\u00e9venement En voiture pour l&rsquo;espoir \u00e0 Delson:<\/p>\n<p><img loading=\"lazy\" decoding=\"async\" src=\"http:\/\/www.hpracing83.com\/wp-content\/uploads\/2014\/08\/IMG_2191-300x200.jpg\" alt=\"IMG_2191\" width=\"300\" height=\"200\" class=\"alignleft size-medium wp-image-155\" srcset=\"https:\/\/www.hpracing83.com\/wp-content\/uploads\/2014\/08\/IMG_2191-300x200.jpg 300w, https:\/\/www.hpracing83.com\/wp-content\/uploads\/2014\/08\/IMG_2191-1024x682.jpg 1024w\" sizes=\"auto, (max-width: 300px) 100vw, 300px\" \/><\/p>\n<p>&nbsp;<\/p>\n<p>&nbsp;<\/p>\n<p>&nbsp;<\/p>\n<p>&nbsp;<\/p>\n<p>&nbsp;<\/p>\n<p>&nbsp;<\/p>\n<p>&nbsp;<\/p>\n<p>Voici quelques photos du d\u00e9veloppement et de la progression de la Mustang.<\/p>\n<p>Ici on peut voir l&rsquo;origine de cette passion avec une photo datant de 1967 de Gaston.<\/p>\n<p><a href=\"http:\/\/www.hpracing83.com\/wp-content\/uploads\/2013\/11\/papa-course022.jpg\"><img loading=\"lazy\" decoding=\"async\" class=\"alignleft size-medium wp-image-39\" alt=\"papa course022\" src=\"http:\/\/www.hpracing83.com\/wp-content\/uploads\/2013\/11\/papa-course022-300x294.jpg\" width=\"300\" height=\"294\" srcset=\"https:\/\/www.hpracing83.com\/wp-content\/uploads\/2013\/11\/papa-course022-300x294.jpg 300w, https:\/\/www.hpracing83.com\/wp-content\/uploads\/2013\/11\/papa-course022.jpg 709w\" sizes=\"auto, (max-width: 300px) 100vw, 300px\" \/><\/a><\/p>\n<p>&nbsp;<\/p>\n<p>&nbsp;<\/p>\n<p>&nbsp;<\/p>\n<p>&nbsp;<\/p>\n<p>&nbsp;<\/p>\n<p>&nbsp;<\/p>\n<p>&nbsp;<\/p>\n<p>&nbsp;<\/p>\n<p>&nbsp;<\/p>\n<p>Voici le Safety Loop pour le drive shaft.<\/p>\n<p><a href=\"http:\/\/www.hpracing83.com\/wp-content\/uploads\/2014\/01\/WP_000148.jpg\"><img loading=\"lazy\" decoding=\"async\" class=\"alignleft size-medium wp-image-103\" alt=\"WP_000148\" src=\"http:\/\/www.hpracing83.com\/wp-content\/uploads\/2014\/01\/WP_000148-300x224.jpg\" width=\"300\" height=\"224\" srcset=\"https:\/\/www.hpracing83.com\/wp-content\/uploads\/2014\/01\/WP_000148-300x224.jpg 300w, https:\/\/www.hpracing83.com\/wp-content\/uploads\/2014\/01\/WP_000148-1024x767.jpg 1024w, https:\/\/www.hpracing83.com\/wp-content\/uploads\/2014\/01\/WP_000148.jpg 1630w\" sizes=\"auto, (max-width: 300px) 100vw, 300px\" \/><\/a><\/p>\n<p>&nbsp;<\/p>\n<p>&nbsp;<\/p>\n<p>&nbsp;<\/p>\n<p>&nbsp;<\/p>\n<p>&nbsp;<\/p>\n<p>&nbsp;<\/p>\n<p>&nbsp;<\/p>\n<p>Voici une photo du dessous, montrant differential, exhaust, gaz tank.<\/p>\n<p><a href=\"http:\/\/www.hpracing83.com\/wp-content\/uploads\/2013\/11\/CV1-011.jpg\"><img loading=\"lazy\" decoding=\"async\" class=\"alignleft size-medium wp-image-92\" alt=\"CV1 011\" src=\"http:\/\/www.hpracing83.com\/wp-content\/uploads\/2013\/11\/CV1-011-300x225.jpg\" width=\"300\" height=\"225\" srcset=\"https:\/\/www.hpracing83.com\/wp-content\/uploads\/2013\/11\/CV1-011-300x225.jpg 300w, https:\/\/www.hpracing83.com\/wp-content\/uploads\/2013\/11\/CV1-011.jpg 640w\" sizes=\"auto, (max-width: 300px) 100vw, 300px\" \/><\/a><\/p>\n<p>&nbsp;<\/p>\n<p>&nbsp;<\/p>\n<p>&nbsp;<\/p>\n<p>&nbsp;<\/p>\n<p>&nbsp;<\/p>\n<p>&nbsp;<\/p>\n<p>&nbsp;<\/p>\n<p>Ici vous pouvez voir le compartiment moteur en date de l&rsquo;\u00e9t\u00e9 2013.<\/p>\n<p><a href=\"http:\/\/www.hpracing83.com\/wp-content\/uploads\/2013\/11\/compartiment-moteur-2013.jpg\"><img loading=\"lazy\" decoding=\"async\" class=\"alignleft size-medium wp-image-40\" alt=\"compartiment moteur 2013\" src=\"http:\/\/www.hpracing83.com\/wp-content\/uploads\/2013\/11\/compartiment-moteur-2013-300x224.jpg\" width=\"300\" height=\"224\" srcset=\"https:\/\/www.hpracing83.com\/wp-content\/uploads\/2013\/11\/compartiment-moteur-2013-300x224.jpg 300w, https:\/\/www.hpracing83.com\/wp-content\/uploads\/2013\/11\/compartiment-moteur-2013-1024x767.jpg 1024w, https:\/\/www.hpracing83.com\/wp-content\/uploads\/2013\/11\/compartiment-moteur-2013.jpg 1630w\" sizes=\"auto, (max-width: 300px) 100vw, 300px\" \/><\/a><\/p>\n<p>&nbsp;<\/p>\n<p>&nbsp;<\/p>\n<p>&nbsp;<\/p>\n<p>&nbsp;<\/p>\n<p>&nbsp;<\/p>\n<p>&nbsp;<\/p>\n<p>&nbsp;<\/p>\n<p>Ici vous pouvez voir le differential 8.8&Prime; Ford, avec un 35 spline de Moser.<\/p>\n<p><a href=\"http:\/\/www.hpracing83.com\/wp-content\/uploads\/2013\/11\/changement-differentiel-8.8-pouces-35-splines-de-mauser.jpg\"><img loading=\"lazy\" decoding=\"async\" class=\"alignleft size-medium wp-image-41\" alt=\"changement differentiel 8.8 pouces 35 splines de mauser\" src=\"http:\/\/www.hpracing83.com\/wp-content\/uploads\/2013\/11\/changement-differentiel-8.8-pouces-35-splines-de-mauser-300x225.jpg\" width=\"300\" height=\"225\" srcset=\"https:\/\/www.hpracing83.com\/wp-content\/uploads\/2013\/11\/changement-differentiel-8.8-pouces-35-splines-de-mauser-300x225.jpg 300w, https:\/\/www.hpracing83.com\/wp-content\/uploads\/2013\/11\/changement-differentiel-8.8-pouces-35-splines-de-mauser.jpg 640w\" sizes=\"auto, (max-width: 300px) 100vw, 300px\" \/><\/a><\/p>\n<p>&nbsp;<\/p>\n<p>&nbsp;<\/p>\n<p>&nbsp;<\/p>\n<p>&nbsp;<\/p>\n<p>&nbsp;<\/p>\n<p>&nbsp;<\/p>\n<p>&nbsp;<\/p>\n<p>Voici une photo lors d&rsquo;une belle journ\u00e9e de drag \u00e0 Napierville.<\/p>\n<p><img loading=\"lazy\" decoding=\"async\" class=\"alignleft size-medium wp-image-83\" alt=\"OLYMPUS DIGITAL CAMERA\" src=\"http:\/\/www.hpracing83.com\/wp-content\/uploads\/2013\/11\/\u00e9t\u00e9-2011-drag-005-300x225.jpg\" width=\"300\" height=\"225\" srcset=\"https:\/\/www.hpracing83.com\/wp-content\/uploads\/2013\/11\/\u00e9t\u00e9-2011-drag-005-300x225.jpg 300w, https:\/\/www.hpracing83.com\/wp-content\/uploads\/2013\/11\/\u00e9t\u00e9-2011-drag-005.jpg 640w\" sizes=\"auto, (max-width: 300px) 100vw, 300px\" \/><\/p>\n<p>&nbsp;<\/p>\n<p>&nbsp;<\/p>\n<p>&nbsp;<\/p>\n<p>&nbsp;<\/p>\n<p>&nbsp;<\/p>\n<p>&nbsp;<\/p>\n<p>&nbsp;<\/p>\n<p>&nbsp;<\/p>\n<p>Voici le moteur lors d&rsquo;un test de Dyno.<\/p>\n<p><img loading=\"lazy\" decoding=\"async\" class=\"alignleft size-medium wp-image-89\" alt=\"Copie de P25-11-11_10-31\" src=\"http:\/\/www.hpracing83.com\/wp-content\/uploads\/2013\/11\/Copie-de-P25-11-11_10-31-300x225.jpg\" width=\"300\" height=\"225\" srcset=\"https:\/\/www.hpracing83.com\/wp-content\/uploads\/2013\/11\/Copie-de-P25-11-11_10-31-300x225.jpg 300w, https:\/\/www.hpracing83.com\/wp-content\/uploads\/2013\/11\/Copie-de-P25-11-11_10-31.jpg 640w\" sizes=\"auto, (max-width: 300px) 100vw, 300px\" \/><\/p>\n<p>&nbsp;<\/p>\n<p>&nbsp;<\/p>\n<p>&nbsp;<\/p>\n<p>&nbsp;<\/p>\n<p>&nbsp;<\/p>\n<p>&nbsp;<\/p>\n<p>&nbsp;<\/p>\n<p>Voici une belle Chevelle 1970 de 476 c.u.<\/p>\n<p><img loading=\"lazy\" decoding=\"async\" class=\"alignleft size-medium wp-image-88\" alt=\"chevelle 1970 476 c.u\" src=\"http:\/\/www.hpracing83.com\/wp-content\/uploads\/2013\/11\/chevelle-1970-476-c.u-300x225.jpg\" width=\"300\" height=\"225\" srcset=\"https:\/\/www.hpracing83.com\/wp-content\/uploads\/2013\/11\/chevelle-1970-476-c.u-300x225.jpg 300w, https:\/\/www.hpracing83.com\/wp-content\/uploads\/2013\/11\/chevelle-1970-476-c.u-1024x768.jpg 1024w\" sizes=\"auto, (max-width: 300px) 100vw, 300px\" \/><\/p>\n<p>&nbsp;<\/p>\n<p>&nbsp;<\/p>\n<p>&nbsp;<\/p>\n<p>&nbsp;<\/p>\n<p>&nbsp;<\/p>\n<p>&nbsp;<\/p>\n<p>&nbsp;<\/p>\n<p>Chevelle 1981:<\/p>\n<p><img loading=\"lazy\" decoding=\"async\" src=\"http:\/\/www.hpracing83.com\/wp-content\/uploads\/2014\/02\/V__4A78-300x200.jpg\" alt=\"Chevelle 81\" width=\"300\" height=\"200\" class=\"alignleft size-medium wp-image-124\" srcset=\"https:\/\/www.hpracing83.com\/wp-content\/uploads\/2014\/02\/V__4A78-300x200.jpg 300w, https:\/\/www.hpracing83.com\/wp-content\/uploads\/2014\/02\/V__4A78.jpg 600w\" sizes=\"auto, (max-width: 300px) 100vw, 300px\" \/><\/p>\n<p>&nbsp;<\/p>\n<p>&nbsp;<\/p>\n<p>&nbsp;<\/p>\n<p>&nbsp;<\/p>\n<p>&nbsp;<\/p>\n<p>&nbsp;<\/p>\n<p>&nbsp;<\/p>\n<p>Voici le moteur de cette belle Chevelle:<\/p>\n<p><img loading=\"lazy\" decoding=\"async\" src=\"http:\/\/www.hpracing83.com\/wp-content\/uploads\/2014\/02\/V__215F-300x225.jpg\" alt=\"Moteur Chevelle 81\" width=\"300\" height=\"225\" class=\"alignleft size-medium wp-image-125\" srcset=\"https:\/\/www.hpracing83.com\/wp-content\/uploads\/2014\/02\/V__215F-300x225.jpg 300w, https:\/\/www.hpracing83.com\/wp-content\/uploads\/2014\/02\/V__215F.jpg 600w\" sizes=\"auto, (max-width: 300px) 100vw, 300px\" \/><\/p>\n<p>&nbsp;<\/p>\n<p>&nbsp;<\/p>\n<p>&nbsp;<\/p>\n<p>&nbsp;<\/p>\n<p>&nbsp;<\/p>\n<p>&nbsp;<\/p>\n<p>&nbsp;<\/p>\n<p>Voici le crossmember en date de F\u00e9vrier 2014:<\/p>\n<p><img loading=\"lazy\" decoding=\"async\" src=\"http:\/\/www.hpracing83.com\/wp-content\/uploads\/2014\/02\/WP_000351-300x224.jpg\" alt=\"crossmember\" width=\"300\" height=\"224\" class=\"alignleft size-medium wp-image-126\" srcset=\"https:\/\/www.hpracing83.com\/wp-content\/uploads\/2014\/02\/WP_000351-300x224.jpg 300w, https:\/\/www.hpracing83.com\/wp-content\/uploads\/2014\/02\/WP_000351-1024x767.jpg 1024w, https:\/\/www.hpracing83.com\/wp-content\/uploads\/2014\/02\/WP_000351.jpg 1630w\" sizes=\"auto, (max-width: 300px) 100vw, 300px\" \/><\/p>\n<p>&nbsp;<\/p>\n<p>&nbsp;<\/p>\n<p>&nbsp;<\/p>\n<p>&nbsp;<\/p>\n<p>&nbsp;<\/p>\n<p>&nbsp;<\/p>\n<p>&nbsp;<\/p>\n<p>Voici la nouvelle Flywheel SFI<\/p>\n<p><img loading=\"lazy\" decoding=\"async\" src=\"http:\/\/www.hpracing83.com\/wp-content\/uploads\/2014\/02\/WP_000354-224x300.jpg\" alt=\"flywheel\" width=\"224\" height=\"300\" class=\"alignleft size-medium wp-image-127\" srcset=\"https:\/\/www.hpracing83.com\/wp-content\/uploads\/2014\/02\/WP_000354-224x300.jpg 224w, https:\/\/www.hpracing83.com\/wp-content\/uploads\/2014\/02\/WP_000354-767x1024.jpg 767w, https:\/\/www.hpracing83.com\/wp-content\/uploads\/2014\/02\/WP_000354.jpg 1222w\" sizes=\"auto, (max-width: 224px) 100vw, 224px\" \/><\/p>\n<p>&nbsp;<\/p>\n<p>&nbsp;<\/p>\n<p>&nbsp;<\/p>\n<p>&nbsp;<\/p>\n<p>&nbsp;<\/p>\n<p>&nbsp;<\/p>\n<p>&nbsp;<\/p>\n<p>&nbsp;<\/p>\n<p>&nbsp;<\/p>\n<p>Transdapt. Throttle spring return kit 2083:<\/p>\n<p><img loading=\"lazy\" decoding=\"async\" src=\"http:\/\/www.hpracing83.com\/wp-content\/uploads\/2014\/03\/WP_000373-300x224.jpg\" alt=\"WP_000373\" width=\"300\" height=\"224\" class=\"alignleft size-medium wp-image-138\" srcset=\"https:\/\/www.hpracing83.com\/wp-content\/uploads\/2014\/03\/WP_000373-300x224.jpg 300w, https:\/\/www.hpracing83.com\/wp-content\/uploads\/2014\/03\/WP_000373-1024x767.jpg 1024w, https:\/\/www.hpracing83.com\/wp-content\/uploads\/2014\/03\/WP_000373.jpg 1630w\" sizes=\"auto, (max-width: 300px) 100vw, 300px\" \/><\/p>\n<p>&nbsp;<\/p>\n<p>&nbsp;<\/p>\n<p>&nbsp;<\/p>\n<p>&nbsp;<\/p>\n<p>&nbsp;<\/p>\n<p>&nbsp;<\/p>\n<p>&nbsp;<\/p>\n<p>Voici la Transmission C4 bonne pour 650 HP:<\/p>\n<p><img loading=\"lazy\" decoding=\"async\" src=\"http:\/\/www.hpracing83.com\/wp-content\/uploads\/2014\/03\/WP_000375-300x224.jpg\" alt=\"WP_000375\" width=\"300\" height=\"224\" class=\"alignleft size-medium wp-image-150\" srcset=\"https:\/\/www.hpracing83.com\/wp-content\/uploads\/2014\/03\/WP_000375-300x224.jpg 300w, https:\/\/www.hpracing83.com\/wp-content\/uploads\/2014\/03\/WP_000375-1024x767.jpg 1024w, https:\/\/www.hpracing83.com\/wp-content\/uploads\/2014\/03\/WP_000375.jpg 1630w\" sizes=\"auto, (max-width: 300px) 100vw, 300px\" \/><\/p>\n","protected":false},"excerpt":{"rendered":"<p>Premier Wheelie captur\u00e9 en photo: &nbsp; &nbsp; &nbsp; &nbsp; &nbsp; &nbsp; &nbsp; &nbsp; &nbsp; Hood 5&Prime; Cowl Induction: &nbsp; &nbsp; &nbsp; &nbsp; &nbsp; &nbsp; &nbsp; Steering Wheel avec bouton Trans-Brake: &nbsp; &nbsp; &nbsp; &nbsp; &nbsp; &nbsp; &nbsp; Remise de cheque pour la Scl\u00e9rose en Plaques \u00e0 l&rsquo;\u00e9venement En voiture pour l&rsquo;espoir \u00e0 Delson: &nbsp; &nbsp;&#8230; <\/p>\n<div class=\"read-more navbutton\"><a href=\"https:\/\/www.hpracing83.com\/?page_id=21\">Lire la suite<i class=\"fa fa-angle-double-right\"><\/i><\/a><\/div>\n","protected":false},"author":1,"featured_media":0,"parent":0,"menu_order":0,"comment_status":"open","ping_status":"open","template":"","meta":{"footnotes":""},"class_list":["post-21","page","type-page","status-publish","hentry"],"_links":{"self":[{"href":"https:\/\/www.hpracing83.com\/index.php?rest_route=\/wp\/v2\/pages\/21","targetHints":{"allow":["GET"]}}],"collection":[{"href":"https:\/\/www.hpracing83.com\/index.php?rest_route=\/wp\/v2\/pages"}],"about":[{"href":"https:\/\/www.hpracing83.com\/index.php?rest_route=\/wp\/v2\/types\/page"}],"author":[{"embeddable":true,"href":"https:\/\/www.hpracing83.com\/index.php?rest_route=\/wp\/v2\/users\/1"}],"replies":[{"embeddable":true,"href":"https:\/\/www.hpracing83.com\/index.php?rest_route=%2Fwp%2Fv2%2Fcomments&post=21"}],"version-history":[{"count":32,"href":"https:\/\/www.hpracing83.com\/index.php?rest_route=\/wp\/v2\/pages\/21\/revisions"}],"predecessor-version":[{"id":176,"href":"https:\/\/www.hpracing83.com\/index.php?rest_route=\/wp\/v2\/pages\/21\/revisions\/176"}],"wp:attachment":[{"href":"https:\/\/www.hpracing83.com\/index.php?rest_route=%2Fwp%2Fv2%2Fmedia&parent=21"}],"curies":[{"name":"wp","href":"https:\/\/api.w.org\/{rel}","templated":true}]}}