{"id":25,"date":"2013-11-07T15:09:00","date_gmt":"2013-11-07T20:09:00","guid":{"rendered":"http:\/\/www.hpracing83.com\/?page_id=25"},"modified":"2017-06-16T11:17:05","modified_gmt":"2017-06-16T16:17:05","slug":"nouvelles","status":"publish","type":"page","link":"https:\/\/www.hpracing83.com\/?page_id=25","title":{"rendered":"Nouvelles"},"content":{"rendered":"<p><strong>\u00c9v\u00e9nements \u00e0 venir:<\/strong><\/p>\n<p><a href=\"http:\/\/https:\/\/autoramajohnscottiecc.com\/\" rel=\"attachment wp-att-275\"><img loading=\"lazy\" decoding=\"async\" class=\"alignnone size-full wp-image-275\" src=\"http:\/\/www.hpracing83.com\/wp-content\/uploads\/2017\/06\/19149399_1303407903110735_7686930349535122505_n.jpg\" alt=\"19149399_1303407903110735_7686930349535122505_n\" width=\"525\" height=\"350\" srcset=\"https:\/\/www.hpracing83.com\/wp-content\/uploads\/2017\/06\/19149399_1303407903110735_7686930349535122505_n.jpg 525w, https:\/\/www.hpracing83.com\/wp-content\/uploads\/2017\/06\/19149399_1303407903110735_7686930349535122505_n-300x200.jpg 300w\" sizes=\"auto, (max-width: 525px) 100vw, 525px\" \/><\/a><\/p>\n<p><a href=\"http:\/\/http:\/\/www.festidrag.com\/\" rel=\"attachment wp-att-273\"><img loading=\"lazy\" decoding=\"async\" class=\"alignnone size-large wp-image-273\" src=\"http:\/\/www.hpracing83.com\/wp-content\/uploads\/2017\/06\/montjolie2017-1024x576.jpg\" alt=\"montjolie2017\" width=\"920\" height=\"518\" srcset=\"https:\/\/www.hpracing83.com\/wp-content\/uploads\/2017\/06\/montjolie2017-1024x576.jpg 1024w, https:\/\/www.hpracing83.com\/wp-content\/uploads\/2017\/06\/montjolie2017-300x169.jpg 300w, https:\/\/www.hpracing83.com\/wp-content\/uploads\/2017\/06\/montjolie2017-768x432.jpg 768w, https:\/\/www.hpracing83.com\/wp-content\/uploads\/2017\/06\/montjolie2017.jpg 1080w\" sizes=\"auto, (max-width: 920px) 100vw, 920px\" \/><\/a><\/p>\n<p>&nbsp;<\/p>\n<p>\u00c9v\u00e9nements pass\u00e9s:<\/p>\n<p><a href=\"http:\/\/www.hpracing83.com\/wp-content\/uploads\/2016\/07\/13087196_946510088800520_2489093426721005349_o-1.jpg\"><img loading=\"lazy\" decoding=\"async\" class=\"size-full wp-image-184 alignnone\" src=\"http:\/\/www.hpracing83.com\/wp-content\/uploads\/2016\/07\/13087196_946510088800520_2489093426721005349_o-1.jpg\" alt=\"ecc napierville\" width=\"1000\" height=\"561\" \/><\/a><\/p>\n<p>&nbsp;<\/p>\n<p><a href=\"http:\/\/www.hpracing83.com\/wp-content\/uploads\/2016\/07\/13522923_10210161233333921_4731062921167019340_o.jpg\"><img loading=\"lazy\" decoding=\"async\" class=\"size-full wp-image-184 alignnone\" src=\"http:\/\/www.hpracing83.com\/wp-content\/uploads\/2016\/07\/13522923_10210161233333921_4731062921167019340_o.jpg\" alt=\"ecc napierville\" width=\"1000\" height=\"561\" \/><\/a><\/p>\n<p><a href=\"http:\/\/www.hpracing83.com\/wp-content\/uploads\/2013\/11\/ecc-napierville.jpg\"><img loading=\"lazy\" decoding=\"async\" class=\"size-full wp-image-184 alignnone\" src=\"http:\/\/www.hpracing83.com\/wp-content\/uploads\/2013\/11\/ecc-napierville.jpg\" alt=\"ecc napierville\" width=\"1000\" height=\"561\" srcset=\"https:\/\/www.hpracing83.com\/wp-content\/uploads\/2013\/11\/ecc-napierville.jpg 1000w, https:\/\/www.hpracing83.com\/wp-content\/uploads\/2013\/11\/ecc-napierville-300x168.jpg 300w\" sizes=\"auto, (max-width: 1000px) 100vw, 1000px\" \/><\/a><\/p>\n<p><img loading=\"lazy\" decoding=\"async\" class=\"size-large wp-image-164 alignnone\" src=\"http:\/\/www.hpracing83.com\/wp-content\/uploads\/2015\/01\/10862703_691593067625558_6113878614193071232_o-1024x512.jpg\" alt=\"10862703_691593067625558_6113878614193071232_o\" width=\"620\" height=\"310\" srcset=\"https:\/\/www.hpracing83.com\/wp-content\/uploads\/2015\/01\/10862703_691593067625558_6113878614193071232_o-1024x512.jpg 1024w, https:\/\/www.hpracing83.com\/wp-content\/uploads\/2015\/01\/10862703_691593067625558_6113878614193071232_o-300x150.jpg 300w, https:\/\/www.hpracing83.com\/wp-content\/uploads\/2015\/01\/10862703_691593067625558_6113878614193071232_o.jpg 1200w\" sizes=\"auto, (max-width: 620px) 100vw, 620px\" \/><\/p>\n<p>&nbsp;<\/p>\n<p><a href=\"http:\/\/www.hpracing83.com\/wp-content\/uploads\/2014\/03\/June-24-2014_banner.jpg\"><img loading=\"lazy\" decoding=\"async\" class=\"alignleft size-full wp-image-143\" src=\"http:\/\/www.hpracing83.com\/wp-content\/uploads\/2014\/03\/June-24-2014_banner.jpg\" alt=\"June 24, 2014_banner\" width=\"778\" height=\"803\" srcset=\"https:\/\/www.hpracing83.com\/wp-content\/uploads\/2014\/03\/June-24-2014_banner.jpg 778w, https:\/\/www.hpracing83.com\/wp-content\/uploads\/2014\/03\/June-24-2014_banner-290x300.jpg 290w\" sizes=\"auto, (max-width: 778px) 100vw, 778px\" \/><\/a><\/p>\n<p>&nbsp;<\/p>\n<p><a href=\"http:\/\/www.hpracing83.com\/wp-content\/uploads\/2014\/03\/Aug-23-2014-Banner-for-Facebook.jpg\"><img loading=\"lazy\" decoding=\"async\" class=\"alignleft size-full wp-image-144\" src=\"http:\/\/www.hpracing83.com\/wp-content\/uploads\/2014\/03\/Aug-23-2014-Banner-for-Facebook.jpg\" alt=\"Aug 23 2014 Banner for Facebook\" width=\"900\" height=\"400\" srcset=\"https:\/\/www.hpracing83.com\/wp-content\/uploads\/2014\/03\/Aug-23-2014-Banner-for-Facebook.jpg 900w, https:\/\/www.hpracing83.com\/wp-content\/uploads\/2014\/03\/Aug-23-2014-Banner-for-Facebook-300x133.jpg 300w\" sizes=\"auto, (max-width: 900px) 100vw, 900px\" \/><\/a><\/p>\n<p>&nbsp;<\/p>\n<p><a href=\"http:\/\/www.hpracing83.com\/wp-content\/uploads\/2014\/03\/Autorama_Aug-23_June-24-2014_Final-Flyer_006_Front.jpg\"><img loading=\"lazy\" decoding=\"async\" class=\"alignleft size-full wp-image-145\" src=\"http:\/\/www.hpracing83.com\/wp-content\/uploads\/2014\/03\/Autorama_Aug-23_June-24-2014_Final-Flyer_006_Front.jpg\" alt=\"Autorama_Aug 23_June 24 2014_Final Flyer_006_Front\" width=\"850\" height=\"550\" srcset=\"https:\/\/www.hpracing83.com\/wp-content\/uploads\/2014\/03\/Autorama_Aug-23_June-24-2014_Final-Flyer_006_Front.jpg 850w, https:\/\/www.hpracing83.com\/wp-content\/uploads\/2014\/03\/Autorama_Aug-23_June-24-2014_Final-Flyer_006_Front-300x194.jpg 300w\" sizes=\"auto, (max-width: 850px) 100vw, 850px\" \/><\/a><\/p>\n<p>&nbsp;<\/p>\n<p><img loading=\"lazy\" decoding=\"async\" class=\"alignleft size-large wp-image-132\" src=\"http:\/\/www.hpracing83.com\/wp-content\/uploads\/2013\/11\/S__C7B1-767x1024.jpg\" alt=\"Pic-Nic 2014\" width=\"620\" height=\"827\" srcset=\"https:\/\/www.hpracing83.com\/wp-content\/uploads\/2013\/11\/S__C7B1-767x1024.jpg 767w, https:\/\/www.hpracing83.com\/wp-content\/uploads\/2013\/11\/S__C7B1-224x300.jpg 224w, https:\/\/www.hpracing83.com\/wp-content\/uploads\/2013\/11\/S__C7B1.jpg 899w\" sizes=\"auto, (max-width: 620px) 100vw, 620px\" \/><\/p>\n","protected":false},"excerpt":{"rendered":"<p>\u00c9v\u00e9nements \u00e0 venir: &nbsp; \u00c9v\u00e9nements pass\u00e9s: &nbsp; &nbsp; &nbsp; &nbsp; &nbsp;<\/p>\n","protected":false},"author":1,"featured_media":0,"parent":0,"menu_order":0,"comment_status":"open","ping_status":"open","template":"","meta":{"footnotes":""},"class_list":["post-25","page","type-page","status-publish","hentry"],"_links":{"self":[{"href":"https:\/\/www.hpracing83.com\/index.php?rest_route=\/wp\/v2\/pages\/25","targetHints":{"allow":["GET"]}}],"collection":[{"href":"https:\/\/www.hpracing83.com\/index.php?rest_route=\/wp\/v2\/pages"}],"about":[{"href":"https:\/\/www.hpracing83.com\/index.php?rest_route=\/wp\/v2\/types\/page"}],"author":[{"embeddable":true,"href":"https:\/\/www.hpracing83.com\/index.php?rest_route=\/wp\/v2\/users\/1"}],"replies":[{"embeddable":true,"href":"https:\/\/www.hpracing83.com\/index.php?rest_route=%2Fwp%2Fv2%2Fcomments&post=25"}],"version-history":[{"count":21,"href":"https:\/\/www.hpracing83.com\/index.php?rest_route=\/wp\/v2\/pages\/25\/revisions"}],"predecessor-version":[{"id":277,"href":"https:\/\/www.hpracing83.com\/index.php?rest_route=\/wp\/v2\/pages\/25\/revisions\/277"}],"wp:attachment":[{"href":"https:\/\/www.hpracing83.com\/index.php?rest_route=%2Fwp%2Fv2%2Fmedia&parent=25"}],"curies":[{"name":"wp","href":"https:\/\/api.w.org\/{rel}","templated":true}]}}